{"id":335,"date":"2023-05-02T21:37:16","date_gmt":"2023-05-02T21:37:16","guid":{"rendered":"http:\/\/sanfranciscocr.com\/?page_id=335"},"modified":"2023-07-03T19:21:42","modified_gmt":"2023-07-03T19:21:42","slug":"productos","status":"publish","type":"page","link":"https:\/\/sanfranciscocr.com\/en\/productos\/","title":{"rendered":"Products"},"content":{"rendered":"<div data-elementor-type=\"wp-page\" data-elementor-id=\"335\" class=\"elementor elementor-335\" data-elementor-post-type=\"page\">\n\t\t\t\t\t\t\t<div class=\"elementor-element elementor-element-dbe09b5 e-con-full slider-section e-flex e-con e-parent\" data-id=\"dbe09b5\" data-element_type=\"container\" data-settings=\"{&quot;content_width&quot;:&quot;full&quot;}\" data-core-v316-plus=\"true\">\n\t\t\t\t<div class=\"elementor-element elementor-element-690e5d6 elementor-widget elementor-widget-ucaddon_mega_slider\" data-id=\"690e5d6\" data-element_type=\"widget\" data-widget_type=\"ucaddon_mega_slider.default\">\n\t\t\t\t<div class=\"elementor-widget-container\">\n\t\t\t<!-- start Mega Slider -->\n\t\t<link id='font-awesome-css' href='https:\/\/sanfranciscocr.com\/wp-content\/plugins\/unlimited-elements-for-elementor-premium\/assets_libraries\/font-awesome5\/css\/fontawesome-all.min.css' type='text\/css' rel='stylesheet' >\n\t\t<link id='font-awesome-4-shim-css' href='https:\/\/sanfranciscocr.com\/wp-content\/plugins\/unlimited-elements-for-elementor-premium\/assets_libraries\/font-awesome5\/css\/fontawesome-v4-shims.css' type='text\/css' rel='stylesheet' >\n\t\t<link id='owl-carousel-css' href='https:\/\/sanfranciscocr.com\/wp-content\/plugins\/unlimited-elements-for-elementor-premium\/assets_libraries\/owl-carousel-new\/assets\/owl.carousel.css' type='text\/css' rel='stylesheet' >\n\t\t<link id='uc_ac_assets_file_animate_css_77907-css' href='https:\/\/sanfranciscocr.com\/wp-content\/uploads\/ac_assets\/ue-mega-slider\/animate.css' type='text\/css' rel='stylesheet' >\n\n\t\t\t<style type=\"text\/css\">\/* widget: Mega Slider *\/\n\n#uc_mega_slider_elementor_690e5d6\n{\n  min-height:1px;\n}\n\/* \n* styles for owl carousel\n*\/\n#uc_mega_slider_elementor_690e5d6 .owl-nav .owl-prev{\n    position:absolute;\n    display:inline-block;\n    text-align:center;\n    transform: translateY(-50%);\n}\n\n#uc_mega_slider_elementor_690e5d6 .owl-nav .owl-next{\n  position:absolute;\n  display:inline-block;\n  text-align:center;\n  transform: translateY(-50%);\n}\n\n#uc_mega_slider_elementor_690e5d6 .owl-dots {\n  overflow:hidden;\n  text-align:center;\n  position:relative;\n  z-index:2;\n}\n\n\/* \n* styles for mega slider\n*\/\n#uc_mega_slider_elementor_690e5d6 .ue-mega-slider-item > section{\n\tleft: 0 !important;\n}\n\n\/* \n* debug template's sections\n*\/\n#uc_mega_slider_elementor_690e5d6 .ue-mega-slider-template-wrapper{\ndisplay:none;\n} \n\n#sliderItem1:not(.uc-connected){\ndisplay: none;\n}\n\n\n#uc_mega_slider_elementor_690e5d6_item1.uc-item-error{\ntext-align: center;\nmin-height: 400px;\npadding: 15px;\ndisplay: flex;\njustify-content: center;\nalign-items: center;\nbackground-color: #cccccc;\n}\n\n#uc_mega_slider_elementor_690e5d6_item1.uc-item-error .uc-error{\ncolor: red;\nfont-weight: 700;\n}\n\n\n<\/style>\n\n\t\t\t<div id=\"uc_mega_slider_elementor_690e5d6\" class=\"ue-mega-slider\" data-editor=\"no\" data-errors=\"false\" data-items-id=\"false\" data-elements-id=\"false\" data-show-section=\"no\" data-slider-delay=\"1000\">\n  \n  \t\n  \n  <div class=\"owl-carousel\" >\n\t<div id=\"uc_mega_slider_elementor_690e5d6_item1\" class=\"ue-mega-slider-item\" data-id=\"sliderItem1\"><\/div>\n\n  <\/div>\n  \n  <div class=\"ue-mega-slider-template-wrapper\">\n\t\n  <\/div>\n  \n<\/div>\n\t\t\t<!-- end Mega Slider -->\t\t<\/div>\n\t\t\t\t<\/div>\n\t\t<div class=\"elementor-element elementor-element-4d19d1f e-con-full slider-item e-flex e-con e-parent\" data-id=\"4d19d1f\" data-element_type=\"container\" id=\"sliderItem1\" data-settings=\"{&quot;content_width&quot;:&quot;full&quot;,&quot;background_background&quot;:&quot;classic&quot;}\" data-core-v316-plus=\"true\">\n\t\t<div class=\"elementor-element elementor-element-2ea1a01 slider-item-content e-flex e-con-boxed e-con e-parent\" data-id=\"2ea1a01\" data-element_type=\"container\" data-settings=\"{&quot;content_width&quot;:&quot;boxed&quot;}\" data-core-v316-plus=\"true\">\n\t\t\t\t\t<div class=\"e-con-inner\">\n\t\t\t\t<div class=\"elementor-element elementor-element-c76dcb4 elementor-widget elementor-widget-heading\" data-id=\"c76dcb4\" data-element_type=\"widget\" data-widget_type=\"heading.default\">\n\t\t\t\t<div class=\"elementor-widget-container\">\n\t\t\t<style>\/*! elementor - v3.16.0 - 14-09-2023 *\/\n.elementor-heading-title{padding:0;margin:0;line-height:1}.elementor-widget-heading .elementor-heading-title[class*=elementor-size-]>a{color:inherit;font-size:inherit;line-height:inherit}.elementor-widget-heading .elementor-heading-title.elementor-size-small{font-size:15px}.elementor-widget-heading .elementor-heading-title.elementor-size-medium{font-size:19px}.elementor-widget-heading .elementor-heading-title.elementor-size-large{font-size:29px}.elementor-widget-heading .elementor-heading-title.elementor-size-xl{font-size:39px}.elementor-widget-heading .elementor-heading-title.elementor-size-xxl{font-size:59px}<\/style><h1 class=\"elementor-heading-title elementor-size-default\">Our<\/h1>\t\t<\/div>\n\t\t\t\t<\/div>\n\t\t\t\t<div class=\"elementor-element elementor-element-0ad671c elementor-widget elementor-widget-heading\" data-id=\"0ad671c\" data-element_type=\"widget\" data-widget_type=\"heading.default\">\n\t\t\t\t<div class=\"elementor-widget-container\">\n\t\t\t<h2 class=\"elementor-heading-title elementor-size-default\">Products<\/h2>\t\t<\/div>\n\t\t\t\t<\/div>\n\t\t\t\t\t<\/div>\n\t\t\t\t<\/div>\n\t\t\t\t<\/div>\n\t\t\t\t<\/div>\n\t\t<div class=\"elementor-element elementor-element-be662cd e-con-full category-section e-flex e-con e-parent\" data-id=\"be662cd\" data-element_type=\"container\" data-settings=\"{&quot;content_width&quot;:&quot;full&quot;}\" data-core-v316-plus=\"true\">\n\t\t<div class=\"elementor-element elementor-element-1f733cb e-con-full e-flex e-con e-parent\" data-id=\"1f733cb\" data-element_type=\"container\" data-settings=\"{&quot;content_width&quot;:&quot;full&quot;}\" data-core-v316-plus=\"true\">\n\t\t\t\t<div class=\"elementor-element elementor-element-4f7e2bd elementor-invisible elementor-widget elementor-widget-heading\" data-id=\"4f7e2bd\" data-element_type=\"widget\" data-settings=\"{&quot;_animation&quot;:&quot;zoomIn&quot;}\" data-widget_type=\"heading.default\">\n\t\t\t\t<div class=\"elementor-widget-container\">\n\t\t\t<h2 class=\"elementor-heading-title elementor-size-default\">Categories<\/h2>\t\t<\/div>\n\t\t\t\t<\/div>\n\t\t\t\t<div class=\"elementor-element elementor-element-42c4b62 elementor-widget elementor-widget-ucaddon_card_carousel\" data-id=\"42c4b62\" data-element_type=\"widget\" data-widget_type=\"ucaddon_card_carousel.default\">\n\t\t\t\t<div class=\"elementor-widget-container\">\n\t\t\t<!-- start Card Carousel -->\n\n\t\t\t<style type=\"text\/css\">\/* widget: Card Carousel *\/\n\n#uc_card_carousel_elementor_42c4b62-wrapper\n{\n  min-height:1px;\n}\n#uc_card_carousel_elementor_42c4b62 *{\n\t-webkit-box-sizing: border-box;\n\t-moz-box-sizing: border-box;\n\tbox-sizing: border-box;\n}\n\n#uc_card_carousel_elementor_42c4b62 .ue-carousel-item\n{\n  overflow:hidden;\n  transition:0.3s;\n}\n\n#uc_card_carousel_elementor_42c4b62 .uc_classic_carousel_container_holder\n{\n\tdisplay:block;\n\tposition:relative;\n\twidth:100%;\n    box-sizing: border-box;\n}\n.card_carousel_title\n{\n\tfont-size:21px;\n}\n\n.uc_classic_carousel .uc_classic_carousel_border\n{\n\tdisplay:block;\n    margin:0 auto;\n}\n\n.uc_classic_carousel  .uc_classic_carousel_placeholder img\n{\n\twidth:100%;\n    \n    display:inline-flex;\n}\n.uc_classic_carousel .uc_classic_carousel_content\n{\n  display: flex;\n flex-flow: column nowrap;\n}\n\n.uc_classic_carousel .ue_button\n{\n  margin-top:auto;\n\n}\n\n.uc_classic_carousel .uc_classic_carousel_content .uc_more_btn {\n\tdisplay:inline-block;\n\ttext-decoration:none;\n\ttransition: all 0.5s ease;\n}\n\n\n#uc_card_carousel_elementor_42c4b62 .owl-dots {\noverflow:hidden;\ntext-align:center;\n}\n\n#uc_card_carousel_elementor_42c4b62 .owl-dot {\nborder-radius:50%;\ndisplay:inline-block;\n}\n\n#uc_card_carousel_elementor_42c4b62 .owl-nav .owl-prev{\n    position:absolute;\n    display:inline-block;\n    text-align:center;\n}\n#uc_card_carousel_elementor_42c4b62 .owl-nav .owl-next{\n  position:absolute;\n  display:inline-block;\n  text-align:center;\n}\n\n#uc_card_carousel_elementor_42c4b62 .owl-nav .disabled\n{\n    display: none;  \n}\n\n\n#uc_card_carousel_elementor_42c4b62 .ue-item-icon\n{\n  line-height:1em;\n  display:inline-flex;\n  justify-content:center;\n  align-items:center;\n  \n}\n\n#uc_card_carousel_elementor_42c4b62 .ue-item-icon svg\n{\n  height:1em;\n  width:1em;\n}\n\n#uc_card_carousel_elementor_42c4b62 .ue-item-icon-wrapper\n{\n  display:flex;\n}\n\n\n\n\n<\/style>\n\n\t\t\t<div class=\"uc_classic_carousel\" id=\"uc_card_carousel_elementor_42c4b62-wrapper\">\n        <div class=\"uc_carousel owl-carousel uc-items-wrapper\" id=\"uc_card_carousel_elementor_42c4b62\"  >\n          \t<div class=\"uc_classic_carousel_container_holder ue-item elementor-repeater-item-3fz8v\">\n  <div class=\"ue-carousel-item\">\n      <div class=\"uc_classic_carousel_placeholder\">\n    <a href=\"https:\/\/sanfranciscocr.com\/en\/category\/acabados\/\" title=\"\" >      <img decoding=\"async\" src=\"https:\/\/sanfranciscocr.com\/wp-content\/uploads\/2023\/07\/noImage.png\">\n    <\/a>  <\/div>\n    <div class=\"uc_classic_carousel_content\" style=\"direction:ltr;\">\n    \n    \n        \n          \t\n      <div  class=\"card_carousel_title\">Finishes<\/div>\n          \t\n    \n      \n        \n    \n    \t\n    \n    \n    \t\n  <\/div>\n  <\/div>\n<\/div>\n<div class=\"uc_classic_carousel_container_holder ue-item elementor-repeater-item-je8aj\">\n  <div class=\"ue-carousel-item\">\n      <div class=\"uc_classic_carousel_placeholder\">\n    <a href=\"https:\/\/sanfranciscocr.com\/en\/category\/aceros\/\" title=\"\" >      <img decoding=\"async\" src=\"https:\/\/sanfranciscocr.com\/wp-content\/uploads\/2023\/07\/acero-min.png\">\n    <\/a>  <\/div>\n    <div class=\"uc_classic_carousel_content\" style=\"direction:ltr;\">\n    \n    \n        \n          \t\n      <div  class=\"card_carousel_title\">Steel<\/div>\n          \t\n    \n      \n        \n    \n    \t\n    \n    \n    \t\n  <\/div>\n  <\/div>\n<\/div>\n<div class=\"uc_classic_carousel_container_holder ue-item elementor-repeater-item-t5kxz\">\n  <div class=\"ue-carousel-item\">\n      <div class=\"uc_classic_carousel_placeholder\">\n    <a href=\"https:\/\/sanfranciscocr.com\/en\/category\/agricola\/\" title=\"\" >      <img decoding=\"async\" src=\"https:\/\/sanfranciscocr.com\/wp-content\/uploads\/2023\/07\/agricola-min.png\">\n    <\/a>  <\/div>\n    <div class=\"uc_classic_carousel_content\" style=\"direction:ltr;\">\n    \n    \n        \n          \t\n      <div  class=\"card_carousel_title\">Agriculture<\/div>\n          \t\n    \n      \n        \n    \n    \t\n    \n    \n    \t\n  <\/div>\n  <\/div>\n<\/div>\n<div class=\"uc_classic_carousel_container_holder ue-item elementor-repeater-item-kamw7\">\n  <div class=\"ue-carousel-item\">\n      <div class=\"uc_classic_carousel_placeholder\">\n    <a href=\"https:\/\/sanfranciscocr.com\/en\/category\/construccion\/\" title=\"\" >      <img decoding=\"async\" src=\"https:\/\/sanfranciscocr.com\/wp-content\/uploads\/2023\/07\/construccion-min.png\">\n    <\/a>  <\/div>\n    <div class=\"uc_classic_carousel_content\" style=\"direction:ltr;\">\n    \n    \n        \n          \t\n      <div  class=\"card_carousel_title\">Construction<\/div>\n          \t\n    \n      \n        \n    \n    \t\n    \n    \n    \t\n  <\/div>\n  <\/div>\n<\/div>\n<div class=\"uc_classic_carousel_container_holder ue-item elementor-repeater-item-iubl4\">\n  <div class=\"ue-carousel-item\">\n      <div class=\"uc_classic_carousel_placeholder\">\n    <a href=\"https:\/\/sanfranciscocr.com\/en\/category\/electrico\/\" title=\"\" >      <img decoding=\"async\" src=\"https:\/\/sanfranciscocr.com\/wp-content\/uploads\/2023\/07\/electrico-min.png\">\n    <\/a>  <\/div>\n    <div class=\"uc_classic_carousel_content\" style=\"direction:ltr;\">\n    \n    \n        \n          \t\n      <div  class=\"card_carousel_title\">Electric<\/div>\n          \t\n    \n      \n        \n    \n    \t\n    \n    \n    \t\n  <\/div>\n  <\/div>\n<\/div>\n<div class=\"uc_classic_carousel_container_holder ue-item elementor-repeater-item-z8sow\">\n  <div class=\"ue-carousel-item\">\n      <div class=\"uc_classic_carousel_placeholder\">\n    <a href=\"https:\/\/sanfranciscocr.com\/en\/category\/ferreteria\/\" title=\"\" >      <img decoding=\"async\" src=\"https:\/\/sanfranciscocr.com\/wp-content\/uploads\/2023\/07\/ferreteria-min.png\">\n    <\/a>  <\/div>\n    <div class=\"uc_classic_carousel_content\" style=\"direction:ltr;\">\n    \n    \n        \n          \t\n      <div  class=\"card_carousel_title\">Hardware<\/div>\n          \t\n    \n      \n        \n    \n    \t\n    \n    \n    \t\n  <\/div>\n  <\/div>\n<\/div>\n<div class=\"uc_classic_carousel_container_holder ue-item elementor-repeater-item-jw4u7\">\n  <div class=\"ue-carousel-item\">\n      <div class=\"uc_classic_carousel_placeholder\">\n    <a href=\"https:\/\/sanfranciscocr.com\/en\/category\/hogar\/\" title=\"\" >      <img decoding=\"async\" src=\"https:\/\/sanfranciscocr.com\/wp-content\/uploads\/2023\/07\/noImage.png\">\n    <\/a>  <\/div>\n    <div class=\"uc_classic_carousel_content\" style=\"direction:ltr;\">\n    \n    \n        \n          \t\n      <div  class=\"card_carousel_title\">Household<\/div>\n          \t\n    \n      \n        \n    \n    \t\n    \n    \n    \t\n  <\/div>\n  <\/div>\n<\/div>\n<div class=\"uc_classic_carousel_container_holder ue-item elementor-repeater-item-mowl6\">\n  <div class=\"ue-carousel-item\">\n      <div class=\"uc_classic_carousel_placeholder\">\n    <a href=\"https:\/\/sanfranciscocr.com\/en\/category\/pintura\/\" title=\"\" >      <img decoding=\"async\" src=\"https:\/\/sanfranciscocr.com\/wp-content\/uploads\/2023\/07\/pintura-min.png\">\n    <\/a>  <\/div>\n    <div class=\"uc_classic_carousel_content\" style=\"direction:ltr;\">\n    \n    \n        \n          \t\n      <div  class=\"card_carousel_title\">Painting<\/div>\n          \t\n    \n      \n        \n    \n    \t\n    \n    \n    \t\n  <\/div>\n  <\/div>\n<\/div>\n\n      <\/div>\n<\/div>\n\t\t\t<!-- end Card Carousel -->\t\t<\/div>\n\t\t\t\t<\/div>\n\t\t\t\t<\/div>\n\t\t\t\t<\/div>\n\t\t<div class=\"elementor-element elementor-element-2914d66 e-con-full product-section e-flex e-con e-parent\" data-id=\"2914d66\" data-element_type=\"container\" data-settings=\"{&quot;content_width&quot;:&quot;full&quot;,&quot;background_background&quot;:&quot;classic&quot;}\" data-core-v316-plus=\"true\">\n\t\t<div class=\"elementor-element elementor-element-5e29cc7 e-flex e-con-boxed e-con e-parent\" data-id=\"5e29cc7\" data-element_type=\"container\" data-settings=\"{&quot;content_width&quot;:&quot;boxed&quot;}\" data-core-v316-plus=\"true\">\n\t\t\t\t\t<div class=\"e-con-inner\">\n\t\t\t\t<div class=\"elementor-element elementor-element-36a09db elementor-widget elementor-widget-ucaddon_query_summary_filter\" data-id=\"36a09db\" data-element_type=\"widget\" data-widget_type=\"ucaddon_query_summary_filter.default\">\n\t\t\t\t<div class=\"elementor-widget-container\">\n\t\t\t<!-- start Post Query Summary -->\n\t\t\t<style type=\"text\/css\">\/* widget: Post Query Summary *\/\n\n#uc_query_summary_filter_elementor_36a09db{\n\tbackground-color: #ffffff;\n}\n\n<\/style>\n\n\t\t\t<div id=\"uc_query_summary_filter_elementor_36a09db\" class=\"uc-query-summary uc-grid-filter\" data-filtertype=\"summary\">\n\n  \n\t\n\n\t\n  \n\n  \n<\/div>\n\t\t\t<!-- end Post Query Summary -->\t\t<\/div>\n\t\t\t\t<\/div>\n\t\t\t\t<div class=\"elementor-element elementor-element-e3af2a8 elementor-widget elementor-widget-ucaddon_ue_listing_grid\" data-id=\"e3af2a8\" data-element_type=\"widget\" data-widget_type=\"ucaddon_ue_listing_grid.default\">\n\t\t\t\t<div class=\"elementor-widget-container\">\n\t\t\t<!-- start Dynamic Template Grid -->\n\t\t\t<style type=\"text\/css\">\/* widget: Dynamic Template Grid *\/\n\n\n\n#uc_ue_listing_grid_elementor_e3af2a8 {\n\t\n  \t      display: grid;\n    \n}\n\n#uc_ue_listing_grid_elementor_e3af2a8 .ue-grid-item{\n\t\n\t\n\n}\n\n\n\n\n\n\n<\/style>\n\n\t\t\t<div class=\"ue-grid uc-items-wrapper uc-filterable-grid ue-dynamic-popup-button-grid\" id=\"uc_ue_listing_grid_elementor_e3af2a8\"  data-ajax='true'  data-filterbehave='ajax'  querydata='{&quot;count_posts&quot;:0,&quot;total_posts&quot;:0,&quot;page&quot;:1,&quot;num_pages&quot;:1}' data-template-id=\"63\">\n  \n<\/div>\n\n  <div class=\"ue-no-posts-found\">No products to show.<\/div>\n\n\t\t\t<!-- end Dynamic Template Grid -->\t\t<\/div>\n\t\t\t\t<\/div>\n\t\t\t\t\t<\/div>\n\t\t\t\t<\/div>\n\t\t\t\t<div class=\"elementor-element elementor-element-90651e3 elementor-widget elementor-widget-ucaddon_load_more_filter\" data-id=\"90651e3\" data-element_type=\"widget\" data-widget_type=\"ucaddon_load_more_filter.default\">\n\t\t\t\t<div class=\"elementor-widget-container\">\n\t\t\t<!-- start Load More \/ Infinite Scroll -->\n\t\t\t<style type=\"text\/css\">\/* widget: Load More \/ Infinite Scroll *\/\n\n#uc_load_more_filter_elementor_90651e3.uc-ajax-loading{\n\topacity:1 !important;\n}\n\n#uc_load_more_filter_elementor_90651e3.uc-ajax-loading .uc-filter-load-more__loader{\n   display:inline-block !important;\n   color:#F9572B;\n}\n\n\n#uc_load_more_filter_elementor_90651e3.uc-ajax-loading .uc-filter-load-more__link{\n   display:none;  \n}\n\n#uc_load_more_filter_elementor_90651e3  .uc-filter-load-more__link\n{\n  text-align:center;\n}\n\n#uc_load_more_filter_elementor_90651e3 .uc-load-more-wrapper\n{\n  display:inline-flex;\n  align-items:center;\n  justify-content:center;\n}\n\n<\/style>\n\n\t\t\t\n<div id=\"uc_load_more_filter_elementor_90651e3\" class=\"uc-grid-filter uc-filter-load-more\" data-numitems=\"3\" data-affect_single_grid=\"false\">\n  \n    \n<\/div>\n\t\t\t<!-- end Load More \/ Infinite Scroll -->\t\t<\/div>\n\t\t\t\t<\/div>\n\t\t\t\t<\/div>\n\t\t\t\t\t\t\t<\/div>","protected":false},"excerpt":{"rendered":"<p>Nuestros PRODUCTOS Categor\u00edas Acabados Aceros Agr\u00edcola Construcci\u00f3n El\u00e9ctrico Ferreter\u00eda Hogar Pintura Post Query Summary Widget is added Cargar m\u00e1s productos Cargando&#8230;<\/p>","protected":false},"author":1,"featured_media":0,"parent":0,"menu_order":0,"comment_status":"closed","ping_status":"closed","template":"","meta":{"footnotes":""},"class_list":["post-335","page","type-page","status-publish","hentry"],"acf":[],"_links":{"self":[{"href":"https:\/\/sanfranciscocr.com\/en\/wp-json\/wp\/v2\/pages\/335","targetHints":{"allow":["GET"]}}],"collection":[{"href":"https:\/\/sanfranciscocr.com\/en\/wp-json\/wp\/v2\/pages"}],"about":[{"href":"https:\/\/sanfranciscocr.com\/en\/wp-json\/wp\/v2\/types\/page"}],"author":[{"embeddable":true,"href":"https:\/\/sanfranciscocr.com\/en\/wp-json\/wp\/v2\/users\/1"}],"replies":[{"embeddable":true,"href":"https:\/\/sanfranciscocr.com\/en\/wp-json\/wp\/v2\/comments?post=335"}],"version-history":[{"count":103,"href":"https:\/\/sanfranciscocr.com\/en\/wp-json\/wp\/v2\/pages\/335\/revisions"}],"predecessor-version":[{"id":1450,"href":"https:\/\/sanfranciscocr.com\/en\/wp-json\/wp\/v2\/pages\/335\/revisions\/1450"}],"wp:attachment":[{"href":"https:\/\/sanfranciscocr.com\/en\/wp-json\/wp\/v2\/media?parent=335"}],"curies":[{"name":"wp","href":"https:\/\/api.w.org\/{rel}","templated":true}]}}